{"id":21,"date":"2022-02-02T11:03:46","date_gmt":"2022-02-02T11:03:46","guid":{"rendered":"https:\/\/yeetiluxe.com\/?page_id=21"},"modified":"2022-04-15T08:36:10","modified_gmt":"2022-04-15T08:36:10","slug":"about-us","status":"publish","type":"page","link":"https:\/\/www.yeetiluxe.com\/es\/about-us\/","title":{"rendered":"Sobre Nosotros"},"content":{"rendered":"<h2 id=\"yeeti-luxe-las-tendencias-de-la-moda-y-las-compras-es-nuestra-especialidad\" style=\"text-align: center;\">Yeeti Luxe &#8211; \u00a1Las tendencias de la moda y las compras es nuestra especialidad!<\/h2>\n<p><a href=\"https:\/\/yeetiluxe.com\/es\/\"><strong>Yeeti Luxe<\/strong><\/a> aboga por compartir las \u00faltimas ideas sobre c\u00f3mo hacer que todos los hombres y mujeres que quieran sentirse bien y lograr el aspecto que les guste, ya que cada tendencia de la moda llega cada temporada. Nuestro objetivo es brindar informaci\u00f3n sobre las \u00faltimas tendencias de <em>moda en ropa<\/em> y <em>accesorios<\/em>, <em>compras<\/em>, <em>consejos de cuidado personal<\/em> y <em>de belleza para todos los hombres<\/em> y mujeres que desean destacarse entre sus compa\u00f1eros.<\/p>\n<p>En <a href=\"https:\/\/yeetiluxe.com\/es\/\"><em><strong>YeetiLuxe.com<\/strong><\/em><\/a>, dedicamos nuestros recursos a buscar y escribir sobre las cosas perfectas que hacen que cada individuo se vea seguro, elegante y hermoso. Compartiremos art\u00edculos de blog que pueden ayudarlo a mejorar su moda y estilo de vida diarios. La ropa que desea usar, la belleza y el cuidado de la piel que debe usar, y cu\u00e1ndo y d\u00f3nde comprar para obtener las mejores ofertas en la web.<\/p>\n<h4 id=\"que-esperar-de-nosotros\"><strong>Qu\u00e9 esperar de nosotros:<\/strong><\/h4>\n<p>Presentaremos consejos cl\u00e1sicos e informaci\u00f3n \u00fatil sobre las nuevas tendencias de la moda, con respecto a <em><strong>la \u00faltima ropa<\/strong><\/em>, <em><strong>bolsos impresionantes<\/strong><\/em>, <em><strong>hermosos zapatos<\/strong><\/em>, <em>las mejores joyas<\/em> y <em><strong>relojes de lujo<\/strong><\/em>, y <em><strong>tambi\u00e9n consejo<\/strong><\/em>s para una piel saludable, hermosa e impecable.<\/p>\n","protected":false},"excerpt":{"rendered":"<p>Yeeti Luxe &#8211; \u00a1Las tendencias de la moda y las compras es nuestra especialidad! Yeeti Luxe aboga por compartir las \u00faltimas ideas sobre c\u00f3mo hacer que todos los hombres y&hellip;<\/p>\n","protected":false},"author":1,"featured_media":0,"parent":0,"menu_order":0,"comment_status":"closed","ping_status":"closed","template":"","meta":{"footnotes":""},"class_list":["post-21","page","type-page","status-publish"],"_links":{"self":[{"href":"https:\/\/www.yeetiluxe.com\/es\/wp-json\/wp\/v2\/pages\/21","targetHints":{"allow":["GET"]}}],"collection":[{"href":"https:\/\/www.yeetiluxe.com\/es\/wp-json\/wp\/v2\/pages"}],"about":[{"href":"https:\/\/www.yeetiluxe.com\/es\/wp-json\/wp\/v2\/types\/page"}],"author":[{"embeddable":true,"href":"https:\/\/www.yeetiluxe.com\/es\/wp-json\/wp\/v2\/users\/1"}],"replies":[{"embeddable":true,"href":"https:\/\/www.yeetiluxe.com\/es\/wp-json\/wp\/v2\/comments?post=21"}],"version-history":[{"count":5,"href":"https:\/\/www.yeetiluxe.com\/es\/wp-json\/wp\/v2\/pages\/21\/revisions"}],"predecessor-version":[{"id":415,"href":"https:\/\/www.yeetiluxe.com\/es\/wp-json\/wp\/v2\/pages\/21\/revisions\/415"}],"wp:attachment":[{"href":"https:\/\/www.yeetiluxe.com\/es\/wp-json\/wp\/v2\/media?parent=21"}],"curies":[{"name":"wp","href":"https:\/\/api.w.org\/{rel}","templated":true}]}}